{"id":1984,"date":"2024-02-01T10:20:41","date_gmt":"2024-02-01T09:20:41","guid":{"rendered":"https:\/\/fabienne-elaine-hollwege.de\/wp\/?page_id=1984"},"modified":"2025-07-10T09:49:15","modified_gmt":"2025-07-10T08:49:15","slug":"coaching","status":"publish","type":"page","link":"https:\/\/fabienne-elaine-hollwege.de\/wp\/?page_id=1984","title":{"rendered":"COACHING \/ Dozentin"},"content":{"rendered":"<div class=\"wp-block-image is-style-default\">\n<figure class=\"alignleft size-large is-resized\"><a href=\"https:\/\/fabienne-elaine-hollwege.de\/wp\/wp-content\/uploads\/2024\/05\/IMG_2813-scaled.jpg\"><img decoding=\"async\" loading=\"lazy\" src=\"https:\/\/fabienne-elaine-hollwege.de\/wp\/wp-content\/uploads\/2024\/05\/IMG_2813-1024x768.jpg\" alt=\"\" class=\"wp-image-2048\" width=\"512\" height=\"384\" srcset=\"https:\/\/fabienne-elaine-hollwege.de\/wp\/wp-content\/uploads\/2024\/05\/IMG_2813-1024x768.jpg 1024w, https:\/\/fabienne-elaine-hollwege.de\/wp\/wp-content\/uploads\/2024\/05\/IMG_2813-300x225.jpg 300w, https:\/\/fabienne-elaine-hollwege.de\/wp\/wp-content\/uploads\/2024\/05\/IMG_2813-768x576.jpg 768w, https:\/\/fabienne-elaine-hollwege.de\/wp\/wp-content\/uploads\/2024\/05\/IMG_2813-1536x1152.jpg 1536w, https:\/\/fabienne-elaine-hollwege.de\/wp\/wp-content\/uploads\/2024\/05\/IMG_2813-2048x1536.jpg 2048w, https:\/\/fabienne-elaine-hollwege.de\/wp\/wp-content\/uploads\/2024\/05\/IMG_2813-960x720.jpg 960w, https:\/\/fabienne-elaine-hollwege.de\/wp\/wp-content\/uploads\/2024\/05\/IMG_2813-24x18.jpg 24w, https:\/\/fabienne-elaine-hollwege.de\/wp\/wp-content\/uploads\/2024\/05\/IMG_2813-36x27.jpg 36w, https:\/\/fabienne-elaine-hollwege.de\/wp\/wp-content\/uploads\/2024\/05\/IMG_2813-48x36.jpg 48w\" sizes=\"(max-width: 512px) 100vw, 512px\" \/><\/a><\/figure><\/div>\n\n\n<p>&#8222;Stimme, Atmung, Bewegung, Psyche, Physis sind unweigerlich miteinander verbunden und stehen in gegenseitiger Wechselwirkung. Die Stimme ist mehr als nur Vermittlerin von Worten, sie ist unser ureigenstes Instrument und dient als Spiegel unserer Emotionen, unserer Pers\u00f6nlichkeit. In ihr dr\u00fcckt sich unser gesamtes Wesen aus.&#8220;<\/p>\n\n\n\n<p><br><br><br><br>Fabienne Elaine Hollwege bietet Workshops, Fortbildungen und individuelle Coachings mit dem <br>Fokus auf der pers\u00f6nlichen Weiterentwicklung, Entfaltung eigener Potenziale und St\u00e4rkung der Pr\u00e4senz durch gezielte \u00dcbungen und Trainings mit Stimme\/Stimmklang &amp; Bewegung\/K\u00f6rperwahrnehmung.<br><br>Als Trainerin und Coach verkn\u00fcpft sie Elemente aus Schauspiel, Stimm -und Sprecherziehung, Atem\u00fcbungen, K\u00f6rpertraining, Entspannung um den Teilnehmenden die M\u00f6glichkeit zu bieten sich aus verschiedenen Blickwinkeln spielerisch\/emotional kennenzulernen und eigene F\u00e4higkeiten in Bezug zur inneren Entwicklung\/Sensibilit\u00e4t (Intersensus), wie \u00e4u\u00dferen Bewusstwerdung (Transsensus) zu entfalten.<br><br>Sie ist Dozentin an der Akademie Zwischenr\u00e4ume in Berlin und unterrichtet das Modul Schauspiel mit dem Fokus auf &#8222;K\u00f6rperwahrnehmung, Stimmbewusstsein &amp; Emotionen&#8220; f\u00fcr den Ausbildungszweig Kreativ-Theraphie.<br><br>Seit Jahren leitet Fabienne Elaine neben ihrer praktischen T\u00e4tigkeit als Schauspielerin (im Theater- wie auch Filmbereich) Workshops, gibt Fortbildungen, unterrichtet Schauspiel und deutsche Sprecherziehung am Conservatoire Esch sur Alzette und schloss ihre berufsbegleitende Zusatzausbildung am IEK Berlin  (Institut f\u00fcr Entspannung und Kommunikation)  im August 2024 als zertifizierte Stimmtherapeutin ab. <br><\/p>\n\n\n\n<p> &#8222;Durch die Erkundung neuer Resonanzr\u00e4ume, die Auseinandersetzung mit dem K\u00f6rper als pers\u00f6nliches Instrument, dem Stimmklang im Raum, k\u00f6nnen Blockaden gel\u00f6st werden und so die Stimme -und damit verbunden die Pers\u00f6nlichkeit- zu einer freien Entfaltung ihrer Potenziale gelangen.&#8220;<\/p>\n\n\n\n<div class=\"is-layout-flex wp-block-buttons\">\n<div class=\"wp-block-button is-style-fill\"><a class=\"wp-block-button__link wp-element-button\">VOICE&amp;BODY<\/a><\/div>\n<\/div>\n\n\n","protected":false},"excerpt":{"rendered":"<p>&#8222;Stimme, Atmung, Bewegung, Psyche, Physis sind unweigerlich miteinander verbunden und stehen in gegenseitiger Wechselwirkung. Die Stimme ist mehr als nur Vermittlerin von Worten, sie ist [&#8230;]<\/p>\n","protected":false},"author":2,"featured_media":0,"parent":0,"menu_order":0,"comment_status":"closed","ping_status":"closed","template":"","meta":[],"_links":{"self":[{"href":"https:\/\/fabienne-elaine-hollwege.de\/wp\/index.php?rest_route=\/wp\/v2\/pages\/1984"}],"collection":[{"href":"https:\/\/fabienne-elaine-hollwege.de\/wp\/index.php?rest_route=\/wp\/v2\/pages"}],"about":[{"href":"https:\/\/fabienne-elaine-hollwege.de\/wp\/index.php?rest_route=\/wp\/v2\/types\/page"}],"author":[{"embeddable":true,"href":"https:\/\/fabienne-elaine-hollwege.de\/wp\/index.php?rest_route=\/wp\/v2\/users\/2"}],"replies":[{"embeddable":true,"href":"https:\/\/fabienne-elaine-hollwege.de\/wp\/index.php?rest_route=%2Fwp%2Fv2%2Fcomments&post=1984"}],"version-history":[{"count":18,"href":"https:\/\/fabienne-elaine-hollwege.de\/wp\/index.php?rest_route=\/wp\/v2\/pages\/1984\/revisions"}],"predecessor-version":[{"id":2223,"href":"https:\/\/fabienne-elaine-hollwege.de\/wp\/index.php?rest_route=\/wp\/v2\/pages\/1984\/revisions\/2223"}],"wp:attachment":[{"href":"https:\/\/fabienne-elaine-hollwege.de\/wp\/index.php?rest_route=%2Fwp%2Fv2%2Fmedia&parent=1984"}],"curies":[{"name":"wp","href":"https:\/\/api.w.org\/{rel}","templated":true}]}}