{"id":1748,"date":"2023-03-19T17:28:43","date_gmt":"2023-03-19T16:28:43","guid":{"rendered":"https:\/\/fabienne-elaine-hollwege.de\/wp\/?page_id=1748"},"modified":"2023-03-19T17:38:07","modified_gmt":"2023-03-19T16:38:07","slug":"sprechen-3","status":"publish","type":"page","link":"https:\/\/fabienne-elaine-hollwege.de\/wp\/?page_id=1748","title":{"rendered":"Sprechen"},"content":{"rendered":"\n<div class=\"is-layout-flex wp-container-4 wp-block-columns\">\n<div class=\"is-layout-flow wp-block-column\">\n<div class=\"content-sprechen\">\n<p>H\u00f6rspiel Ausschnitt &#8222;Entsorgung \u00e1 la Art&#8220; Fear4Ears Produktion; Text, Regie: S\u00f6nke Strohkark; Rolle\/HR Caren<\/p>\n<\/div>\n<!--[if lt IE 9]><script>document.createElement('audio');<\/script><![endif]-->\n<audio class=\"wp-audio-shortcode\" id=\"audio-1748-1\" preload=\"none\" style=\"width: 100%;\" controls=\"controls\"><source type=\"audio\/mpeg\" src=\"https:\/\/fabienne-elaine-hollwege.de\/wp\/wp-content\/uploads\/2018\/06\/Ho\u0308rspiel-1.mp3?_=1\" \/><a href=\"https:\/\/fabienne-elaine-hollwege.de\/wp\/wp-content\/uploads\/2018\/06\/Ho\u0308rspiel-1.mp3\">https:\/\/fabienne-elaine-hollwege.de\/wp\/wp-content\/uploads\/2018\/06\/Ho\u0308rspiel-1.mp3<\/a><\/audio>\n<p>&nbsp;<\/p>\n\n\n\n<div class=\"content-sprechen\">\n<p>H\u00f6rspiel Ausschnitt &#8222;Die Rede&#8220;, Fear4Ears Produktion; Text, Regie: S\u00f6nke Strohkark; Rolle\/HR: Jessica<\/p>\n<\/div>\n<audio class=\"wp-audio-shortcode\" id=\"audio-1748-2\" preload=\"none\" style=\"width: 100%;\" controls=\"controls\"><source type=\"audio\/mpeg\" src=\"https:\/\/fabienne-elaine-hollwege.de\/wp\/wp-content\/uploads\/2018\/06\/Ho\u0308rspiel-3-Rede.mp3?_=2\" \/><a href=\"https:\/\/fabienne-elaine-hollwege.de\/wp\/wp-content\/uploads\/2018\/06\/Ho\u0308rspiel-3-Rede.mp3\">https:\/\/fabienne-elaine-hollwege.de\/wp\/wp-content\/uploads\/2018\/06\/Ho\u0308rspiel-3-Rede.mp3<\/a><\/audio>\n<p>&nbsp;<\/p>\n\n\n\n<div class=\"content-sprechen\">\n<p>H\u00f6rspiel Ausschnitt &#8222;Entsorgung \u00e1 la Art&#8220;, Fear4Ears Produktion; Text, Regie: S\u00f6nke Strohkark; Rolle\/HR: Caren<\/p>\n<\/div>\n<audio class=\"wp-audio-shortcode\" id=\"audio-1748-3\" preload=\"none\" style=\"width: 100%;\" controls=\"controls\"><source type=\"audio\/mpeg\" src=\"https:\/\/fabienne-elaine-hollwege.de\/wp\/wp-content\/uploads\/2018\/06\/Ho\u0308rspiel-2.mp3?_=3\" \/><a href=\"https:\/\/fabienne-elaine-hollwege.de\/wp\/wp-content\/uploads\/2018\/06\/Ho\u0308rspiel-2.mp3\">https:\/\/fabienne-elaine-hollwege.de\/wp\/wp-content\/uploads\/2018\/06\/Ho\u0308rspiel-2.mp3<\/a><\/audio>\n<p>&nbsp;<\/p>\n<\/div>\n\n\n\n<div class=\"is-layout-flow wp-block-column\">\n<div class=\"content-sprechen\">\n<p>Auszug Roman; Rolle: Nora<br><br><br><br><\/p>\n<\/div>\n<audio class=\"wp-audio-shortcode\" id=\"audio-1748-4\" preload=\"none\" style=\"width: 100%;\" controls=\"controls\"><source type=\"audio\/mpeg\" src=\"https:\/\/fabienne-elaine-hollwege.de\/wp\/wp-content\/uploads\/2018\/06\/Nora.mp3?_=4\" \/><a href=\"https:\/\/fabienne-elaine-hollwege.de\/wp\/wp-content\/uploads\/2018\/06\/Nora.mp3\">https:\/\/fabienne-elaine-hollwege.de\/wp\/wp-content\/uploads\/2018\/06\/Nora.mp3<\/a><\/audio>\n<p>&nbsp;<\/p>\n\n\n\n<div class=\"content-sprechen\">\n<p>Auszug &#8222;Das Quartett&#8220;, Rolle: Merteuil<br><br><br><\/p>\n<\/div>\n<audio class=\"wp-audio-shortcode\" id=\"audio-1748-5\" preload=\"none\" style=\"width: 100%;\" controls=\"controls\"><source type=\"audio\/mpeg\" src=\"https:\/\/fabienne-elaine-hollwege.de\/wp\/wp-content\/uploads\/2018\/06\/Merteuil-Quartett.mp3?_=5\" \/><a href=\"https:\/\/fabienne-elaine-hollwege.de\/wp\/wp-content\/uploads\/2018\/06\/Merteuil-Quartett.mp3\">https:\/\/fabienne-elaine-hollwege.de\/wp\/wp-content\/uploads\/2018\/06\/Merteuil-Quartett.mp3<\/a><\/audio>\n<p>&nbsp;<\/p>\n\n\n\n<div class=\"content-sprechen\">\n<p>Nachricht<br><br><br><br><\/p>\n<\/div>\n<audio class=\"wp-audio-shortcode\" id=\"audio-1748-6\" preload=\"none\" style=\"width: 100%;\" controls=\"controls\"><source type=\"audio\/mpeg\" src=\"https:\/\/fabienne-elaine-hollwege.de\/wp\/wp-content\/uploads\/2019\/03\/Nachrichten.mp3?_=6\" \/><a href=\"https:\/\/fabienne-elaine-hollwege.de\/wp\/wp-content\/uploads\/2019\/03\/Nachrichten.mp3\">https:\/\/fabienne-elaine-hollwege.de\/wp\/wp-content\/uploads\/2019\/03\/Nachrichten.mp3<\/a><\/audio>\n<p>&nbsp;<\/p>\n<\/div>\n\n\n\n<div class=\"is-layout-flow wp-block-column\">\n<div class=\"content-sprechen\">\n<p>Geschichte\/Stimmen (Auszug aus &#8222;Der gl\u00fcckliche Prinz&#8220; von O. Wilde)<br><br><\/p>\n<\/div>\n<audio class=\"wp-audio-shortcode\" id=\"audio-1748-7\" preload=\"none\" style=\"width: 100%;\" controls=\"controls\"><source type=\"audio\/mpeg\" src=\"https:\/\/fabienne-elaine-hollwege.de\/wp\/wp-content\/uploads\/2018\/06\/Kinder-dertraurigePrinz.mp3?_=7\" \/><a href=\"https:\/\/fabienne-elaine-hollwege.de\/wp\/wp-content\/uploads\/2018\/06\/Kinder-dertraurigePrinz.mp3\">https:\/\/fabienne-elaine-hollwege.de\/wp\/wp-content\/uploads\/2018\/06\/Kinder-dertraurigePrinz.mp3<\/a><\/audio>\n<p>&nbsp;<\/p>\n\n\n\n<div class=\"content-sprechen\">\n<p>Auszug: &#8222;Das Sonnenei&#8220;, Genre: Kinder<br \/><br \/><br \/><\/p>\n<\/div>\n<audio class=\"wp-audio-shortcode\" id=\"audio-1748-8\" preload=\"none\" style=\"width: 100%;\" controls=\"controls\"><source type=\"audio\/mpeg\" src=\"https:\/\/fabienne-elaine-hollwege.de\/wp\/wp-content\/uploads\/2018\/06\/Kinder-Das-Sonnenei.mp3?_=8\" \/><a href=\"https:\/\/fabienne-elaine-hollwege.de\/wp\/wp-content\/uploads\/2018\/06\/Kinder-Das-Sonnenei.mp3\">https:\/\/fabienne-elaine-hollwege.de\/wp\/wp-content\/uploads\/2018\/06\/Kinder-Das-Sonnenei.mp3<\/a><\/audio>\n<p>\u00a0<\/p>\n<\/div>\n<\/div>\n","protected":false},"excerpt":{"rendered":"<p>H\u00f6rspiel Ausschnitt &#8222;Entsorgung \u00e1 la Art&#8220; Fear4Ears Produktion; Text, Regie: S\u00f6nke Strohkark; Rolle\/HR Caren &nbsp; H\u00f6rspiel Ausschnitt &#8222;Die Rede&#8220;, Fear4Ears Produktion; Text, Regie: S\u00f6nke Strohkark; [&#8230;]<\/p>\n","protected":false},"author":1,"featured_media":0,"parent":0,"menu_order":0,"comment_status":"closed","ping_status":"closed","template":"","meta":[],"_links":{"self":[{"href":"https:\/\/fabienne-elaine-hollwege.de\/wp\/index.php?rest_route=\/wp\/v2\/pages\/1748"}],"collection":[{"href":"https:\/\/fabienne-elaine-hollwege.de\/wp\/index.php?rest_route=\/wp\/v2\/pages"}],"about":[{"href":"https:\/\/fabienne-elaine-hollwege.de\/wp\/index.php?rest_route=\/wp\/v2\/types\/page"}],"author":[{"embeddable":true,"href":"https:\/\/fabienne-elaine-hollwege.de\/wp\/index.php?rest_route=\/wp\/v2\/users\/1"}],"replies":[{"embeddable":true,"href":"https:\/\/fabienne-elaine-hollwege.de\/wp\/index.php?rest_route=%2Fwp%2Fv2%2Fcomments&post=1748"}],"version-history":[{"count":2,"href":"https:\/\/fabienne-elaine-hollwege.de\/wp\/index.php?rest_route=\/wp\/v2\/pages\/1748\/revisions"}],"predecessor-version":[{"id":1751,"href":"https:\/\/fabienne-elaine-hollwege.de\/wp\/index.php?rest_route=\/wp\/v2\/pages\/1748\/revisions\/1751"}],"wp:attachment":[{"href":"https:\/\/fabienne-elaine-hollwege.de\/wp\/index.php?rest_route=%2Fwp%2Fv2%2Fmedia&parent=1748"}],"curies":[{"name":"wp","href":"https:\/\/api.w.org\/{rel}","templated":true}]}}